{"id":15468,"date":"2022-02-28T00:56:04","date_gmt":"2022-02-28T00:56:04","guid":{"rendered":"https:\/\/desarrollo.diversteam.net\/cursos-e-certificacoes\/"},"modified":"2022-10-04T15:03:42","modified_gmt":"2022-10-04T15:03:42","slug":"cursos-e-certificacoes","status":"publish","type":"page","link":"https:\/\/desarrollo.diversteam.net\/pt-br\/cursos-e-certificacoes\/","title":{"rendered":"Cursos e Certifica\u00e7\u00f5es"},"content":{"rendered":"\t\t<div data-elementor-type=\"wp-page\" data-elementor-id=\"15468\" class=\"elementor elementor-15468 elementor-13359\">\n\t\t\t\t\t\t\t\t\t<section class=\"elementor-section elementor-top-section elementor-element elementor-element-a61b751 elementor-section-stretched elementor-reverse-mobile elementor-section-boxed elementor-section-height-default elementor-section-height-default wd-section-disabled\" data-id=\"a61b751\" data-element_type=\"section\" data-settings=\"{&quot;stretch_section&quot;:&quot;section-stretched&quot;,&quot;background_background&quot;:&quot;classic&quot;}\">\n\t\t\t\t\t\t\t<div class=\"elementor-background-overlay\"><\/div>\n\t\t\t\t\t\t\t<div class=\"elementor-container elementor-column-gap-default\">\n\t\t\t\t\t<div class=\"elementor-column elementor-col-100 elementor-top-column elementor-element elementor-element-6b6e6de\" data-id=\"6b6e6de\" data-element_type=\"column\">\n\t\t\t<div class=\"elementor-widget-wrap elementor-element-populated\">\n\t\t\t\t\t\t\t\t\t<link rel=\"stylesheet\" id=\"wd-animations-css\" href=\"https:\/\/desarrollo.diversteam.net\/wp-content\/themes\/woodmart\/css\/parts\/mod-animations.min.css?ver=6.5.4\" type=\"text\/css\" media=\"all\" \/> \t\t\t\t\t<div class=\"elementor-element elementor-element-118833b wd-animation-slide-from-bottom wd_delay_250 wd-animation-normal elementor-widget elementor-widget-heading\" data-id=\"118833b\" data-element_type=\"widget\" data-widget_type=\"heading.default\">\n\t\t\t\t<div class=\"elementor-widget-container\">\n\t\t\t<style>\/*! elementor - v3.7.8 - 02-10-2022 *\/\n.elementor-heading-title{padding:0;margin:0;line-height:1}.elementor-widget-heading .elementor-heading-title[class*=elementor-size-]>a{color:inherit;font-size:inherit;line-height:inherit}.elementor-widget-heading .elementor-heading-title.elementor-size-small{font-size:15px}.elementor-widget-heading .elementor-heading-title.elementor-size-medium{font-size:19px}.elementor-widget-heading .elementor-heading-title.elementor-size-large{font-size:29px}.elementor-widget-heading .elementor-heading-title.elementor-size-xl{font-size:39px}.elementor-widget-heading .elementor-heading-title.elementor-size-xxl{font-size:59px}<\/style><h2 class=\"elementor-heading-title elementor-size-default\">Cursos e Certifica\u00e7\u00f5es<\/h2>\t\t<\/div>\n\t\t\t\t<\/div>\n\t\t\t\t<div class=\"elementor-element elementor-element-73faeaa text-center color-scheme-inherit elementor-widget elementor-widget-text-editor\" data-id=\"73faeaa\" data-element_type=\"widget\" data-widget_type=\"text-editor.default\">\n\t\t\t\t<div class=\"elementor-widget-container\">\n\t\t\t<style>\/*! elementor - v3.7.8 - 02-10-2022 *\/\n.elementor-widget-text-editor.elementor-drop-cap-view-stacked .elementor-drop-cap{background-color:#818a91;color:#fff}.elementor-widget-text-editor.elementor-drop-cap-view-framed .elementor-drop-cap{color:#818a91;border:3px solid;background-color:transparent}.elementor-widget-text-editor:not(.elementor-drop-cap-view-default) .elementor-drop-cap{margin-top:8px}.elementor-widget-text-editor:not(.elementor-drop-cap-view-default) .elementor-drop-cap-letter{width:1em;height:1em}.elementor-widget-text-editor .elementor-drop-cap{float:left;text-align:center;line-height:1;font-size:50px}.elementor-widget-text-editor .elementor-drop-cap-letter{display:inline-block}<\/style>\t\t\t\t<p>Descubra as diferentes op\u00e7\u00f5es que temos para si na <strong>DIVERS TEAM<\/strong><\/p>\t\t\t\t\t\t<\/div>\n\t\t\t\t<\/div>\n\t\t\t\t\t<\/div>\n\t\t<\/div>\n\t\t\t\t\t\t\t<\/div>\n\t\t<\/section>\n\t\t\t\t<section class=\"elementor-section elementor-top-section elementor-element elementor-element-6c79c8b elementor-section-stretched elementor-section-boxed elementor-section-height-default elementor-section-height-default wd-section-disabled\" data-id=\"6c79c8b\" data-element_type=\"section\" data-settings=\"{&quot;background_background&quot;:&quot;gradient&quot;,&quot;stretch_section&quot;:&quot;section-stretched&quot;}\">\n\t\t\t\t\t\t\t<div class=\"elementor-background-overlay\"><\/div>\n\t\t\t\t\t\t\t<div class=\"elementor-container elementor-column-gap-default\">\n\t\t\t\t\t<div class=\"elementor-column elementor-col-100 elementor-top-column elementor-element elementor-element-bea776b\" data-id=\"bea776b\" data-element_type=\"column\">\n\t\t\t<div class=\"elementor-widget-wrap elementor-element-populated\">\n\t\t\t\t\t\t\t\t<section class=\"wd-negative-gap elementor-section elementor-inner-section elementor-element elementor-element-93ae592 elementor-section-boxed elementor-section-height-default elementor-section-height-default wd-section-disabled\" data-id=\"93ae592\" data-element_type=\"section\">\n\t\t\t\t\t\t<div class=\"elementor-container elementor-column-gap-default\">\n\t\t\t\t\t<div class=\"elementor-column elementor-col-33 elementor-inner-column elementor-element elementor-element-f47a898\" data-id=\"f47a898\" data-element_type=\"column\" data-settings=\"{&quot;background_background&quot;:&quot;classic&quot;}\">\n\t\t\t<div class=\"elementor-widget-wrap elementor-element-populated\">\n\t\t\t\t\t\t\t\t<div class=\"elementor-element elementor-element-00e9acc elementor-widget elementor-widget-image\" data-id=\"00e9acc\" data-element_type=\"widget\" data-widget_type=\"image.default\">\n\t\t\t\t<div class=\"elementor-widget-container\">\n\t\t\t<style>\/*! elementor - v3.7.8 - 02-10-2022 *\/\n.elementor-widget-image{text-align:center}.elementor-widget-image a{display:inline-block}.elementor-widget-image a img[src$=\".svg\"]{width:48px}.elementor-widget-image img{vertical-align:middle;display:inline-block}<\/style>\t\t\t\t\t\t\t\t\t\t\t\t<img decoding=\"async\" width=\"1300\" height=\"800\" src=\"https:\/\/desarrollo.diversteam.net\/wp-content\/uploads\/2022\/08\/Disen\u0303o-sin-ti\u0301tulo-2022-08-09T093023.099.png\" class=\"attachment-large size-large\" alt=\"\" srcset=\"https:\/\/desarrollo.diversteam.net\/wp-content\/uploads\/2022\/08\/Disen\u0303o-sin-ti\u0301tulo-2022-08-09T093023.099.png 1300w, https:\/\/desarrollo.diversteam.net\/wp-content\/uploads\/2022\/08\/Disen\u0303o-sin-ti\u0301tulo-2022-08-09T093023.099-400x246.png 400w, https:\/\/desarrollo.diversteam.net\/wp-content\/uploads\/2022\/08\/Disen\u0303o-sin-ti\u0301tulo-2022-08-09T093023.099-768x473.png 768w\" sizes=\"(max-width: 1300px) 100vw, 1300px\" \/>\t\t\t\t\t\t\t\t\t\t\t\t\t\t\t<\/div>\n\t\t\t\t<\/div>\n\t\t\t\t<div class=\"elementor-element elementor-element-9c2244d elementor-widget elementor-widget-heading\" data-id=\"9c2244d\" data-element_type=\"widget\" data-widget_type=\"heading.default\">\n\t\t\t\t<div class=\"elementor-widget-container\">\n\t\t\t<h2 class=\"elementor-heading-title elementor-size-default\">Mergulhadores sem Certifica\u00e7\u00e3o<\/h2>\t\t<\/div>\n\t\t\t\t<\/div>\n\t\t\t\t<div class=\"elementor-element elementor-element-7479add color-scheme-inherit text-left elementor-widget elementor-widget-text-editor\" data-id=\"7479add\" data-element_type=\"widget\" data-widget_type=\"text-editor.default\">\n\t\t\t\t<div class=\"elementor-widget-container\">\n\t\t\t\t\t\t\t<p>Aprenda a montar seu equipamento de mergulho, t\u00e9cnicas de mergulho, t\u00e9cnicas de deslocamento e outras habilidades com a ajuda dos melhores instrutores.<\/p>\t\t\t\t\t\t<\/div>\n\t\t\t\t<\/div>\n\t\t\t\t<div class=\"elementor-element elementor-element-9f47f4e elementor-align-center elementor-mobile-align-center elementor-widget elementor-widget-button\" data-id=\"9f47f4e\" data-element_type=\"widget\" data-widget_type=\"button.default\">\n\t\t\t\t<div class=\"elementor-widget-container\">\n\t\t\t\t\t<div class=\"elementor-button-wrapper\">\n\t\t\t<a href=\"https:\/\/desarrollo.diversteam.net\/pt-br\/mergulhadores-sem-certificacao\/\" class=\"elementor-button-link elementor-button elementor-size-sm elementor-animation-grow\" role=\"button\">\n\t\t\t\t\t\t<span class=\"elementor-button-content-wrapper\">\n\t\t\t\t\t\t\t<span class=\"elementor-button-icon elementor-align-icon-right\">\n\t\t\t\t<i aria-hidden=\"true\" class=\"fas fa-angle-right\"><\/i>\t\t\t<\/span>\n\t\t\t\t\t\t<span class=\"elementor-button-text\">Mais informa\u00e7\u00e3o<\/span>\n\t\t<\/span>\n\t\t\t\t\t<\/a>\n\t\t<\/div>\n\t\t\t\t<\/div>\n\t\t\t\t<\/div>\n\t\t\t\t\t<\/div>\n\t\t<\/div>\n\t\t\t\t<div class=\"elementor-column elementor-col-33 elementor-inner-column elementor-element elementor-element-3c5bd1a\" data-id=\"3c5bd1a\" data-element_type=\"column\" data-settings=\"{&quot;background_background&quot;:&quot;classic&quot;}\">\n\t\t\t<div class=\"elementor-widget-wrap elementor-element-populated\">\n\t\t\t\t\t\t\t\t<div class=\"elementor-element elementor-element-fd4c30a elementor-widget elementor-widget-image\" data-id=\"fd4c30a\" data-element_type=\"widget\" data-widget_type=\"image.default\">\n\t\t\t\t<div class=\"elementor-widget-container\">\n\t\t\t\t\t\t\t\t\t\t\t\t\t\t\t<img decoding=\"async\" width=\"1300\" height=\"800\" src=\"https:\/\/desarrollo.diversteam.net\/wp-content\/uploads\/2022\/08\/Disen\u0303o-sin-ti\u0301tulo-2022-08-09T090211.828.png\" class=\"attachment-large size-large\" alt=\"\" srcset=\"https:\/\/desarrollo.diversteam.net\/wp-content\/uploads\/2022\/08\/Disen\u0303o-sin-ti\u0301tulo-2022-08-09T090211.828.png 1300w, https:\/\/desarrollo.diversteam.net\/wp-content\/uploads\/2022\/08\/Disen\u0303o-sin-ti\u0301tulo-2022-08-09T090211.828-400x246.png 400w, https:\/\/desarrollo.diversteam.net\/wp-content\/uploads\/2022\/08\/Disen\u0303o-sin-ti\u0301tulo-2022-08-09T090211.828-768x473.png 768w\" sizes=\"(max-width: 1300px) 100vw, 1300px\" \/>\t\t\t\t\t\t\t\t\t\t\t\t\t\t\t<\/div>\n\t\t\t\t<\/div>\n\t\t\t\t<div class=\"elementor-element elementor-element-37341e0 elementor-widget elementor-widget-heading\" data-id=\"37341e0\" data-element_type=\"widget\" data-widget_type=\"heading.default\">\n\t\t\t\t<div class=\"elementor-widget-container\">\n\t\t\t<h2 class=\"elementor-heading-title elementor-size-default\">Mergulhadores Certificados<\/h2>\t\t<\/div>\n\t\t\t\t<\/div>\n\t\t\t\t<div class=\"elementor-element elementor-element-61e0c55 color-scheme-inherit text-left elementor-widget elementor-widget-text-editor\" data-id=\"61e0c55\" data-element_type=\"widget\" data-widget_type=\"text-editor.default\">\n\t\t\t\t<div class=\"elementor-widget-container\">\n\t\t\t\t\t\t\t<p>Obter certifica\u00e7\u00e3o! DIVERS TEAM oferece uma variedade de certifica\u00e7\u00f5es de mergulho atrav\u00e9s de cursos de certifica\u00e7\u00e3o PADI (Professional Association of Diving Instructors).<\/p>\t\t\t\t\t\t<\/div>\n\t\t\t\t<\/div>\n\t\t\t\t<div class=\"elementor-element elementor-element-f465534 elementor-align-center elementor-mobile-align-center elementor-widget elementor-widget-button\" data-id=\"f465534\" data-element_type=\"widget\" data-widget_type=\"button.default\">\n\t\t\t\t<div class=\"elementor-widget-container\">\n\t\t\t\t\t<div class=\"elementor-button-wrapper\">\n\t\t\t<a href=\"https:\/\/desarrollo.diversteam.net\/pt-br\/mergulhadores-certificados\/\" class=\"elementor-button-link elementor-button elementor-size-sm elementor-animation-grow\" role=\"button\">\n\t\t\t\t\t\t<span class=\"elementor-button-content-wrapper\">\n\t\t\t\t\t\t\t<span class=\"elementor-button-icon elementor-align-icon-right\">\n\t\t\t\t<i aria-hidden=\"true\" class=\"fas fa-angle-right\"><\/i>\t\t\t<\/span>\n\t\t\t\t\t\t<span class=\"elementor-button-text\">Mais informa\u00e7\u00e3o<\/span>\n\t\t<\/span>\n\t\t\t\t\t<\/a>\n\t\t<\/div>\n\t\t\t\t<\/div>\n\t\t\t\t<\/div>\n\t\t\t\t\t<\/div>\n\t\t<\/div>\n\t\t\t\t<div class=\"elementor-column elementor-col-33 elementor-inner-column elementor-element elementor-element-b08b604\" data-id=\"b08b604\" data-element_type=\"column\" data-settings=\"{&quot;background_background&quot;:&quot;classic&quot;}\">\n\t\t\t<div class=\"elementor-widget-wrap elementor-element-populated\">\n\t\t\t\t\t\t\t\t<div class=\"elementor-element elementor-element-85e5b78 elementor-widget elementor-widget-image\" data-id=\"85e5b78\" data-element_type=\"widget\" data-widget_type=\"image.default\">\n\t\t\t\t<div class=\"elementor-widget-container\">\n\t\t\t\t\t\t\t\t\t\t\t\t\t\t\t<img decoding=\"async\" width=\"1300\" height=\"800\" src=\"https:\/\/desarrollo.diversteam.net\/wp-content\/uploads\/2022\/08\/Disen\u0303o-sin-ti\u0301tulo-2022-08-09T090630.824.png\" class=\"attachment-large size-large\" alt=\"\" srcset=\"https:\/\/desarrollo.diversteam.net\/wp-content\/uploads\/2022\/08\/Disen\u0303o-sin-ti\u0301tulo-2022-08-09T090630.824.png 1300w, https:\/\/desarrollo.diversteam.net\/wp-content\/uploads\/2022\/08\/Disen\u0303o-sin-ti\u0301tulo-2022-08-09T090630.824-400x246.png 400w, https:\/\/desarrollo.diversteam.net\/wp-content\/uploads\/2022\/08\/Disen\u0303o-sin-ti\u0301tulo-2022-08-09T090630.824-768x473.png 768w\" sizes=\"(max-width: 1300px) 100vw, 1300px\" \/>\t\t\t\t\t\t\t\t\t\t\t\t\t\t\t<\/div>\n\t\t\t\t<\/div>\n\t\t\t\t<div class=\"elementor-element elementor-element-1806365 elementor-widget elementor-widget-heading\" data-id=\"1806365\" data-element_type=\"widget\" data-widget_type=\"heading.default\">\n\t\t\t\t<div class=\"elementor-widget-container\">\n\t\t\t<h2 class=\"elementor-heading-title elementor-size-default\">Cursos de Certifica\u00e7\u00e3o PADI<\/h2>\t\t<\/div>\n\t\t\t\t<\/div>\n\t\t\t\t<div class=\"elementor-element elementor-element-62891ff color-scheme-inherit text-left elementor-widget elementor-widget-text-editor\" data-id=\"62891ff\" data-element_type=\"widget\" data-widget_type=\"text-editor.default\">\n\t\t\t\t<div class=\"elementor-widget-container\">\n\t\t\t\t\t\t\tA DIVERS TEAM possui uma variedade de certifica\u00e7\u00f5es de mergulho PADI projetadas para atender \u00e0s expectativas de todos os interessados \u200b\u200bno mundo do mergulho.\t\t\t\t\t\t<\/div>\n\t\t\t\t<\/div>\n\t\t\t\t<div class=\"elementor-element elementor-element-77e1621 elementor-align-center elementor-mobile-align-center elementor-widget elementor-widget-button\" data-id=\"77e1621\" data-element_type=\"widget\" data-widget_type=\"button.default\">\n\t\t\t\t<div class=\"elementor-widget-container\">\n\t\t\t\t\t<div class=\"elementor-button-wrapper\">\n\t\t\t<a href=\"https:\/\/desarrollo.diversteam.net\/pt-br\/cursos-de-certificacao-padi\/\" class=\"elementor-button-link elementor-button elementor-size-sm elementor-animation-grow\" role=\"button\">\n\t\t\t\t\t\t<span class=\"elementor-button-content-wrapper\">\n\t\t\t\t\t\t\t<span class=\"elementor-button-icon elementor-align-icon-right\">\n\t\t\t\t<i aria-hidden=\"true\" class=\"fas fa-angle-right\"><\/i>\t\t\t<\/span>\n\t\t\t\t\t\t<span class=\"elementor-button-text\">Mais informa\u00e7\u00e3o<\/span>\n\t\t<\/span>\n\t\t\t\t\t<\/a>\n\t\t<\/div>\n\t\t\t\t<\/div>\n\t\t\t\t<\/div>\n\t\t\t\t\t<\/div>\n\t\t<\/div>\n\t\t\t\t\t\t\t<\/div>\n\t\t<\/section>\n\t\t\t\t\t<\/div>\n\t\t<\/div>\n\t\t\t\t\t\t\t<\/div>\n\t\t<\/section>\n\t\t\t\t<section class=\"elementor-section elementor-top-section elementor-element elementor-element-2914756 elementor-section-stretched elementor-reverse-mobile elementor-section-boxed elementor-section-height-default elementor-section-height-default wd-section-disabled\" data-id=\"2914756\" data-element_type=\"section\" data-settings=\"{&quot;stretch_section&quot;:&quot;section-stretched&quot;,&quot;background_background&quot;:&quot;video&quot;,&quot;background_video_link&quot;:&quot;https:\\\/\\\/desarrollo.diversteam.net\\\/wp-content\\\/uploads\\\/2022\\\/07\\\/Disen\\u0303o-sin-ti\\u0301tulo-55.mp4&quot;,&quot;background_video_start&quot;:1,&quot;background_play_on_mobile&quot;:&quot;yes&quot;,&quot;background_privacy_mode&quot;:&quot;yes&quot;}\">\n\t\t\t\t\t\t\t\t<div class=\"elementor-background-video-container\">\n\t\t\t\t\t\t\t\t\t\t\t\t\t<video class=\"elementor-background-video-hosted elementor-html5-video\" autoplay muted playsinline loop><\/video>\n\t\t\t\t\t\t\t\t\t\t\t<\/div>\n\t\t\t\t\t\t\t\t\t<div class=\"elementor-background-overlay\"><\/div>\n\t\t\t\t\t\t\t<div class=\"elementor-container elementor-column-gap-default\">\n\t\t\t\t\t<div class=\"elementor-column elementor-col-100 elementor-top-column elementor-element elementor-element-b0a8497\" data-id=\"b0a8497\" data-element_type=\"column\">\n\t\t\t<div class=\"elementor-widget-wrap elementor-element-populated\">\n\t\t\t\t\t\t\t\t<div class=\"elementor-element elementor-element-cdcf88a wd-animation-slide-from-bottom wd_delay_250 wd-animation-normal elementor-widget elementor-widget-heading\" data-id=\"cdcf88a\" data-element_type=\"widget\" data-widget_type=\"heading.default\">\n\t\t\t\t<div class=\"elementor-widget-container\">\n\t\t\t<h2 class=\"elementor-heading-title elementor-size-default\">DIVERS TEAM DIVE CENTER<\/h2>\t\t<\/div>\n\t\t\t\t<\/div>\n\t\t\t\t<div class=\"elementor-element elementor-element-d5fa595 wd-animation-slide-from-bottom wd_delay_250 wd-animation-normal elementor-widget elementor-widget-heading\" data-id=\"d5fa595\" data-element_type=\"widget\" data-widget_type=\"heading.default\">\n\t\t\t\t<div class=\"elementor-widget-container\">\n\t\t\t<h2 class=\"elementor-heading-title elementor-size-default\">Mergulho divertido e seguro \u00e9 o que fazemos de melhor!\n<\/h2>\t\t<\/div>\n\t\t\t\t<\/div>\n\t\t\t\t<div class=\"elementor-element elementor-element-8c813d2 text-center color-scheme-inherit elementor-widget elementor-widget-text-editor\" data-id=\"8c813d2\" data-element_type=\"widget\" data-widget_type=\"text-editor.default\">\n\t\t\t\t<div class=\"elementor-widget-container\">\n\t\t\t\t\t\t\tAvenida Colombia 1-19 Local 1, Isla de, San Andr\u00e9s, San Andr\u00e9s y Providencia\t\t\t\t\t\t<\/div>\n\t\t\t\t<\/div>\n\t\t\t\t\t<link rel=\"stylesheet\" id=\"wd-int-el-animations-css\" href=\"https:\/\/desarrollo.diversteam.net\/wp-content\/themes\/woodmart\/css\/parts\/int-elem-el-animations.min.css?ver=6.5.4\" type=\"text\/css\" media=\"all\" \/> \t\t\t\t\t<div class=\"elementor-element elementor-element-5e40900 elementor-align-center elementor-hidden-mobile elementor-mobile-align-center elementor-invisible elementor-widget elementor-widget-button\" data-id=\"5e40900\" data-element_type=\"widget\" data-settings=\"{&quot;_animation&quot;:&quot;fadeIn&quot;}\" data-widget_type=\"button.default\">\n\t\t\t\t<div class=\"elementor-widget-container\">\n\t\t\t\t\t<div class=\"elementor-button-wrapper\">\n\t\t\t<a href=\"https:\/\/wa.link\/o0h109\" class=\"elementor-button-link elementor-button elementor-size-sm elementor-animation-grow\" role=\"button\">\n\t\t\t\t\t\t<span class=\"elementor-button-content-wrapper\">\n\t\t\t\t\t\t\t<span class=\"elementor-button-icon elementor-align-icon-right\">\n\t\t\t\t<i aria-hidden=\"true\" class=\"fas fa-angle-right\"><\/i>\t\t\t<\/span>\n\t\t\t\t\t\t<span class=\"elementor-button-text\">Solicite Conselho!<\/span>\n\t\t<\/span>\n\t\t\t\t\t<\/a>\n\t\t<\/div>\n\t\t\t\t<\/div>\n\t\t\t\t<\/div>\n\t\t\t\t\t<\/div>\n\t\t<\/div>\n\t\t\t\t\t\t\t<\/div>\n\t\t<\/section>\n\t\t\t\t\t\t\t<\/div>\n\t\t","protected":false},"excerpt":{"rendered":"<p>Cursos e Certifica\u00e7\u00f5es Descubra as diferentes op\u00e7\u00f5es que temos para si na DIVERS TEAM Mergulhadores sem Certifica\u00e7\u00e3o Aprenda a montar<\/p>\n","protected":false},"author":1,"featured_media":0,"parent":0,"menu_order":0,"comment_status":"closed","ping_status":"closed","template":"elementor_header_footer","meta":{"footnotes":""},"class_list":["post-15468","page","type-page","status-publish","hentry"],"yoast_head":"<!-- This site is optimized with the Yoast SEO plugin v19.8 - https:\/\/yoast.com\/wordpress\/plugins\/seo\/ -->\n<title>Cursos e Certifica\u00e7\u00f5es - DIVERS TEAM<\/title>\n<meta name=\"robots\" content=\"index, follow, max-snippet:-1, max-image-preview:large, max-video-preview:-1\" \/>\n<link rel=\"canonical\" href=\"https:\/\/desarrollo.diversteam.net\/cursos-y-certificaciones\/\" \/>\n<meta property=\"og:locale\" content=\"pt_BR\" \/>\n<meta property=\"og:type\" content=\"article\" \/>\n<meta property=\"og:title\" content=\"Cursos e Certifica\u00e7\u00f5es - DIVERS TEAM\" \/>\n<meta property=\"og:description\" content=\"Cursos e Certifica\u00e7\u00f5es Descubra as diferentes op\u00e7\u00f5es que temos para si na DIVERS TEAM Mergulhadores sem Certifica\u00e7\u00e3o Aprenda a montar\" \/>\n<meta property=\"og:url\" content=\"https:\/\/desarrollo.diversteam.net\/cursos-y-certificaciones\/\" \/>\n<meta property=\"og:site_name\" content=\"DIVERS TEAM\" \/>\n<meta property=\"article:modified_time\" content=\"2022-10-04T15:03:42+00:00\" \/>\n<meta name=\"twitter:card\" content=\"summary_large_image\" \/>\n<meta name=\"twitter:label1\" content=\"Est. tempo de leitura\" \/>\n\t<meta name=\"twitter:data1\" content=\"2 minutos\" \/>\n<script type=\"application\/ld+json\" class=\"yoast-schema-graph\">{\"@context\":\"https:\/\/schema.org\",\"@graph\":[{\"@type\":\"WebPage\",\"@id\":\"https:\/\/desarrollo.diversteam.net\/cursos-y-certificaciones\/\",\"url\":\"https:\/\/desarrollo.diversteam.net\/cursos-y-certificaciones\/\",\"name\":\"Cursos e Certifica\u00e7\u00f5es - DIVERS TEAM\",\"isPartOf\":{\"@id\":\"https:\/\/desarrollo.diversteam.net\/#website\"},\"datePublished\":\"2022-02-28T00:56:04+00:00\",\"dateModified\":\"2022-10-04T15:03:42+00:00\",\"breadcrumb\":{\"@id\":\"https:\/\/desarrollo.diversteam.net\/cursos-y-certificaciones\/#breadcrumb\"},\"inLanguage\":\"pt-BR\",\"potentialAction\":[{\"@type\":\"ReadAction\",\"target\":[\"https:\/\/desarrollo.diversteam.net\/cursos-y-certificaciones\/\"]}]},{\"@type\":\"BreadcrumbList\",\"@id\":\"https:\/\/desarrollo.diversteam.net\/cursos-y-certificaciones\/#breadcrumb\",\"itemListElement\":[{\"@type\":\"ListItem\",\"position\":1,\"name\":\"Portada\",\"item\":\"https:\/\/desarrollo.diversteam.net\/\"},{\"@type\":\"ListItem\",\"position\":2,\"name\":\"Cursos e Certifica\u00e7\u00f5es\"}]},{\"@type\":\"WebSite\",\"@id\":\"https:\/\/desarrollo.diversteam.net\/#website\",\"url\":\"https:\/\/desarrollo.diversteam.net\/\",\"name\":\"DIVERS TEAM\",\"description\":\"Cumple tu sue\u00f1o de hacer buceo tur\u00edstico en San Andr\u00e9s, Islas.\",\"potentialAction\":[{\"@type\":\"SearchAction\",\"target\":{\"@type\":\"EntryPoint\",\"urlTemplate\":\"https:\/\/desarrollo.diversteam.net\/?s={search_term_string}\"},\"query-input\":\"required name=search_term_string\"}],\"inLanguage\":\"pt-BR\"}]}<\/script>\n<!-- \/ Yoast SEO plugin. -->","yoast_head_json":{"title":"Cursos e Certifica\u00e7\u00f5es - DIVERS TEAM","robots":{"index":"index","follow":"follow","max-snippet":"max-snippet:-1","max-image-preview":"max-image-preview:large","max-video-preview":"max-video-preview:-1"},"canonical":"https:\/\/desarrollo.diversteam.net\/cursos-y-certificaciones\/","og_locale":"pt_BR","og_type":"article","og_title":"Cursos e Certifica\u00e7\u00f5es - DIVERS TEAM","og_description":"Cursos e Certifica\u00e7\u00f5es Descubra as diferentes op\u00e7\u00f5es que temos para si na DIVERS TEAM Mergulhadores sem Certifica\u00e7\u00e3o Aprenda a montar","og_url":"https:\/\/desarrollo.diversteam.net\/cursos-y-certificaciones\/","og_site_name":"DIVERS TEAM","article_modified_time":"2022-10-04T15:03:42+00:00","twitter_card":"summary_large_image","twitter_misc":{"Est. tempo de leitura":"2 minutos"},"schema":{"@context":"https:\/\/schema.org","@graph":[{"@type":"WebPage","@id":"https:\/\/desarrollo.diversteam.net\/cursos-y-certificaciones\/","url":"https:\/\/desarrollo.diversteam.net\/cursos-y-certificaciones\/","name":"Cursos e Certifica\u00e7\u00f5es - DIVERS TEAM","isPartOf":{"@id":"https:\/\/desarrollo.diversteam.net\/#website"},"datePublished":"2022-02-28T00:56:04+00:00","dateModified":"2022-10-04T15:03:42+00:00","breadcrumb":{"@id":"https:\/\/desarrollo.diversteam.net\/cursos-y-certificaciones\/#breadcrumb"},"inLanguage":"pt-BR","potentialAction":[{"@type":"ReadAction","target":["https:\/\/desarrollo.diversteam.net\/cursos-y-certificaciones\/"]}]},{"@type":"BreadcrumbList","@id":"https:\/\/desarrollo.diversteam.net\/cursos-y-certificaciones\/#breadcrumb","itemListElement":[{"@type":"ListItem","position":1,"name":"Portada","item":"https:\/\/desarrollo.diversteam.net\/"},{"@type":"ListItem","position":2,"name":"Cursos e Certifica\u00e7\u00f5es"}]},{"@type":"WebSite","@id":"https:\/\/desarrollo.diversteam.net\/#website","url":"https:\/\/desarrollo.diversteam.net\/","name":"DIVERS TEAM","description":"Cumple tu sue\u00f1o de hacer buceo tur\u00edstico en San Andr\u00e9s, Islas.","potentialAction":[{"@type":"SearchAction","target":{"@type":"EntryPoint","urlTemplate":"https:\/\/desarrollo.diversteam.net\/?s={search_term_string}"},"query-input":"required name=search_term_string"}],"inLanguage":"pt-BR"}]}},"_links":{"self":[{"href":"https:\/\/desarrollo.diversteam.net\/pt-br\/wp-json\/wp\/v2\/pages\/15468","targetHints":{"allow":["GET"]}}],"collection":[{"href":"https:\/\/desarrollo.diversteam.net\/pt-br\/wp-json\/wp\/v2\/pages"}],"about":[{"href":"https:\/\/desarrollo.diversteam.net\/pt-br\/wp-json\/wp\/v2\/types\/page"}],"author":[{"embeddable":true,"href":"https:\/\/desarrollo.diversteam.net\/pt-br\/wp-json\/wp\/v2\/users\/1"}],"replies":[{"embeddable":true,"href":"https:\/\/desarrollo.diversteam.net\/pt-br\/wp-json\/wp\/v2\/comments?post=15468"}],"version-history":[{"count":0,"href":"https:\/\/desarrollo.diversteam.net\/pt-br\/wp-json\/wp\/v2\/pages\/15468\/revisions"}],"wp:attachment":[{"href":"https:\/\/desarrollo.diversteam.net\/pt-br\/wp-json\/wp\/v2\/media?parent=15468"}],"curies":[{"name":"wp","href":"https:\/\/api.w.org\/{rel}","templated":true}]}}