{"id":15427,"date":"2022-02-23T20:06:05","date_gmt":"2022-02-23T20:06:05","guid":{"rendered":"https:\/\/desarrollo.diversteam.net\/padi-alliance\/"},"modified":"2022-09-22T03:04:56","modified_gmt":"2022-09-22T03:04:56","slug":"padi-alliance","status":"publish","type":"page","link":"https:\/\/desarrollo.diversteam.net\/en\/padi-alliance\/","title":{"rendered":"PADI Alliance"},"content":{"rendered":"\t\t<div data-elementor-type=\"wp-page\" data-elementor-id=\"15427\" class=\"elementor elementor-15427 elementor-12725\">\n\t\t\t\t\t\t\t\t\t<section class=\"elementor-section elementor-top-section elementor-element elementor-element-3f5f62b0 elementor-section-stretched elementor-section-boxed elementor-section-height-default elementor-section-height-default wd-section-disabled\" data-id=\"3f5f62b0\" data-element_type=\"section\" data-settings=\"{&quot;stretch_section&quot;:&quot;section-stretched&quot;,&quot;background_background&quot;:&quot;classic&quot;}\">\n\t\t\t\t\t\t\t<div class=\"elementor-background-overlay\"><\/div>\n\t\t\t\t\t\t\t<div class=\"elementor-container elementor-column-gap-default\">\n\t\t\t\t\t<div class=\"elementor-column elementor-col-100 elementor-top-column elementor-element elementor-element-56a57ae2\" data-id=\"56a57ae2\" data-element_type=\"column\">\n\t\t\t<div class=\"elementor-widget-wrap elementor-element-populated\">\n\t\t\t\t\t\t\t\t\t<link rel=\"stylesheet\" id=\"wd-animations-css\" href=\"https:\/\/desarrollo.diversteam.net\/wp-content\/themes\/woodmart\/css\/parts\/mod-animations.min.css?ver=6.5.4\" type=\"text\/css\" media=\"all\" \/> \t\t\t\t\t<div class=\"elementor-element elementor-element-1579520a wd-animation-slide-from-bottom wd_delay_250 wd-animation-normal elementor-widget elementor-widget-heading\" data-id=\"1579520a\" data-element_type=\"widget\" data-widget_type=\"heading.default\">\n\t\t\t\t<div class=\"elementor-widget-container\">\n\t\t\t<style>\/*! elementor - v3.7.8 - 02-10-2022 *\/\n.elementor-heading-title{padding:0;margin:0;line-height:1}.elementor-widget-heading .elementor-heading-title[class*=elementor-size-]>a{color:inherit;font-size:inherit;line-height:inherit}.elementor-widget-heading .elementor-heading-title.elementor-size-small{font-size:15px}.elementor-widget-heading .elementor-heading-title.elementor-size-medium{font-size:19px}.elementor-widget-heading .elementor-heading-title.elementor-size-large{font-size:29px}.elementor-widget-heading .elementor-heading-title.elementor-size-xl{font-size:39px}.elementor-widget-heading .elementor-heading-title.elementor-size-xxl{font-size:59px}<\/style><h1 class=\"elementor-heading-title elementor-size-default\">PADI certifications, snorkeling\n<\/h1>\t\t<\/div>\n\t\t\t\t<\/div>\n\t\t\t\t\t<link rel=\"stylesheet\" id=\"wd-int-el-animations-css\" href=\"https:\/\/desarrollo.diversteam.net\/wp-content\/themes\/woodmart\/css\/parts\/int-elem-el-animations.min.css?ver=6.5.4\" type=\"text\/css\" media=\"all\" \/> \t\t\t\t\t<div class=\"elementor-element elementor-element-60a0eeb9 animated-slow color-scheme-inherit text-left elementor-invisible elementor-widget elementor-widget-text-editor\" data-id=\"60a0eeb9\" data-element_type=\"widget\" data-settings=\"{&quot;_animation&quot;:&quot;slideInUp&quot;}\" data-widget_type=\"text-editor.default\">\n\t\t\t\t<div class=\"elementor-widget-container\">\n\t\t\t<style>\/*! elementor - v3.7.8 - 02-10-2022 *\/\n.elementor-widget-text-editor.elementor-drop-cap-view-stacked .elementor-drop-cap{background-color:#818a91;color:#fff}.elementor-widget-text-editor.elementor-drop-cap-view-framed .elementor-drop-cap{color:#818a91;border:3px solid;background-color:transparent}.elementor-widget-text-editor:not(.elementor-drop-cap-view-default) .elementor-drop-cap{margin-top:8px}.elementor-widget-text-editor:not(.elementor-drop-cap-view-default) .elementor-drop-cap-letter{width:1em;height:1em}.elementor-widget-text-editor .elementor-drop-cap{float:left;text-align:center;line-height:1;font-size:50px}.elementor-widget-text-editor .elementor-drop-cap-letter{display:inline-block}<\/style>\t\t\t\tThe DIVERS TEAM Diving Center is a society made up of diving instructors belonging to the most prestigious diver certification agency in the world.\n\t\t\t\t\t\t<\/div>\n\t\t\t\t<\/div>\n\t\t\t\t\t<\/div>\n\t\t<\/div>\n\t\t\t\t\t\t\t<\/div>\n\t\t<\/section>\n\t\t\t\t<section class=\"wd-negative-gap elementor-section elementor-top-section elementor-element elementor-element-7567d2a5 wd-section-stretch elementor-section-content-middle elementor-section-boxed elementor-section-height-default elementor-section-height-default\" data-id=\"7567d2a5\" data-element_type=\"section\" data-settings=\"{&quot;background_background&quot;:&quot;classic&quot;}\">\n\t\t\t\t\t\t\t<div class=\"elementor-background-overlay\"><\/div>\n\t\t\t\t\t\t\t<div class=\"elementor-container elementor-column-gap-no\">\n\t\t\t\t\t<div class=\"elementor-column elementor-col-50 elementor-top-column elementor-element elementor-element-5f5f48a0\" data-id=\"5f5f48a0\" data-element_type=\"column\" data-settings=\"{&quot;background_background&quot;:&quot;classic&quot;}\">\n\t\t\t<div class=\"elementor-widget-wrap elementor-element-populated\">\n\t\t\t\t\t\t\t\t<div class=\"elementor-element elementor-element-e5a5fdc elementor-widget elementor-widget-image\" data-id=\"e5a5fdc\" data-element_type=\"widget\" data-widget_type=\"image.default\">\n\t\t\t\t<div class=\"elementor-widget-container\">\n\t\t\t<style>\/*! elementor - v3.7.8 - 02-10-2022 *\/\n.elementor-widget-image{text-align:center}.elementor-widget-image a{display:inline-block}.elementor-widget-image a img[src$=\".svg\"]{width:48px}.elementor-widget-image img{vertical-align:middle;display:inline-block}<\/style>\t\t\t\t\t\t\t\t\t\t\t\t<img decoding=\"async\" width=\"200\" height=\"56\" src=\"https:\/\/desarrollo.diversteam.net\/wp-content\/uploads\/2022\/07\/logo-padi-1.jpeg\" class=\"attachment-large size-large\" alt=\"\" \/>\t\t\t\t\t\t\t\t\t\t\t\t\t\t\t<\/div>\n\t\t\t\t<\/div>\n\t\t\t\t<div class=\"elementor-element elementor-element-6bc4803 wd-animation-slide-from-bottom wd_delay_250 wd-animation-normal elementor-widget elementor-widget-heading\" data-id=\"6bc4803\" data-element_type=\"widget\" data-widget_type=\"heading.default\">\n\t\t\t\t<div class=\"elementor-widget-container\">\n\t\t\t<h2 class=\"elementor-heading-title elementor-size-default\">We are a PADI INTERNATIONAL RESORT ASSOCIATION (PIRA) No. S-10430.<\/h2>\t\t<\/div>\n\t\t\t\t<\/div>\n\t\t\t\t<div class=\"elementor-element elementor-element-e56f785 color-scheme-inherit text-left elementor-widget elementor-widget-text-editor\" data-id=\"e56f785\" data-element_type=\"widget\" data-widget_type=\"text-editor.default\">\n\t\t\t\t<div class=\"elementor-widget-container\">\n\t\t\t\t\t\t\t<p>Since 1986 DIVERS TEAM San Andr\u00e9s has been working on the development of an excellent portfolio of diving services and training programs for divers.<br><br>Our PADI instructors with more than 10 years of experience guarantee our service. We are also SPONSOR of DAN (DIVERS ALERT NETWORK).<br><br>Our departures are a passport to adventure and action; a fantasy that comes true; these cover all ranges; from shallow\/depth reefs, calm waters for minicourses, to depths for divers with certification level suitable for this.<\/p>\t\t\t\t\t\t<\/div>\n\t\t\t\t<\/div>\n\t\t\t\t\t<\/div>\n\t\t<\/div>\n\t\t\t\t<div class=\"elementor-column elementor-col-50 elementor-top-column elementor-element elementor-element-b124090\" data-id=\"b124090\" data-element_type=\"column\" data-settings=\"{&quot;background_background&quot;:&quot;classic&quot;}\">\n\t\t\t<div class=\"elementor-widget-wrap elementor-element-populated\">\n\t\t\t\t\t\t\t\t<div class=\"elementor-element elementor-element-da4d2f0 color-scheme-inherit text-left elementor-widget elementor-widget-text-editor\" data-id=\"da4d2f0\" data-element_type=\"widget\" data-widget_type=\"text-editor.default\">\n\t\t\t\t<div class=\"elementor-widget-container\">\n\t\t\t\t\t\t\t<p><br>The crew of the DIVERS TEAM San Andres is beyond placing an anchor or give a briefing information. Each vessel is operated by a trained, certified and experienced staff, who demonstrate a genuine interest in helping him and a vast knowledge in seamanship.<br>Every day our boats leave at 09:00 hours to make two dives and be back at the latest at 1:30 p.m. At the pier. All diving trips depend on the weather conditions. In the afternoon at 2:00 pm you can do a single dive.<br>We have specialized instructors to teach all kind of people: children, youngsters, adults, nervous people; they will make from diving a fun adventure.<\/p>\t\t\t\t\t\t<\/div>\n\t\t\t\t<\/div>\n\t\t\t\t<div class=\"elementor-element elementor-element-9d71669 elementor-align-left elementor-mobile-align-left elementor-widget elementor-widget-button\" data-id=\"9d71669\" data-element_type=\"widget\" data-widget_type=\"button.default\">\n\t\t\t\t<div class=\"elementor-widget-container\">\n\t\t\t\t\t<div class=\"elementor-button-wrapper\">\n\t\t\t<a href=\"https:\/\/www.padi.com\/courses?irra=10430?lang=es?lang=es?lang=es?lang=es?lang=es?lang=es?lang=es?lang=es?lang=es?lang=es?lang=es?lang=es?lang=es?lang=es?lang=es?lang=es?lang=es?lang=es?lang=es?lang=es?lang=es?lang=es?lang=es?lang=es?lang=es?lang=es?lang=es?lang=es?lang=es?lang=es?lang=es?lang=es?lang=es?lang=es?lang=es?lang=es?lang=es?lang=es?lang=es?lang=es?lang=es?lang=es?lang=es?lang=es?lang=es?lang=es?lang=es?lang=es?lang=es?lang=es?lang=es?lang=es?lang=es?lang=es?lang=es?lang=es?lang=es?lang=es?lang=es?lang=es?lang=es?lang=es?lang=es?lang=es?lang=es?lang=es?lang=es?lang=es?lang=es?lang=es?lang=es?lang=es?lang=es?lang=es?lang=es?lang=es?lang=es?lang=es?lang=es?lang=es?lang=es?lang=es?lang=es?lang=es?lang=es?lang=es?lang=es?lang=es?lang=es?lang=es?lang=es?lang=es?lang=es?lang=es?lang=es?lang=es?lang=es?lang=es?lang=es?lang=es?lang=es?lang=es?lang=es?lang=es?lang=es?lang=es?lang=es?lang=es?lang=es?lang=es?lang=es?lang=es?lang=es?lang=es?lang=es?lang=es?lang=es?lang=es?lang=es?lang=es?lang=es?lang=es?lang=es?lang=es?lang=es?lang=es?lang=es?lang=es?lang=es?lang=es?lang=es?lang=es\" class=\"elementor-button-link elementor-button elementor-size-sm elementor-animation-grow\" role=\"button\">\n\t\t\t\t\t\t<span class=\"elementor-button-content-wrapper\">\n\t\t\t\t\t\t\t<span class=\"elementor-button-icon elementor-align-icon-right\">\n\t\t\t\t<i aria-hidden=\"true\" class=\"fas fa-angle-right\"><\/i>\t\t\t<\/span>\n\t\t\t\t\t\t<span class=\"elementor-button-text\">PADI Alliance<\/span>\n\t\t<\/span>\n\t\t\t\t\t<\/a>\n\t\t<\/div>\n\t\t\t\t<\/div>\n\t\t\t\t<\/div>\n\t\t\t\t\t<\/div>\n\t\t<\/div>\n\t\t\t\t\t\t\t<\/div>\n\t\t<\/section>\n\t\t\t\t<section class=\"elementor-section elementor-top-section elementor-element elementor-element-ae34b4d elementor-section-stretched elementor-section-boxed elementor-section-height-default elementor-section-height-default wd-section-disabled\" data-id=\"ae34b4d\" data-element_type=\"section\" data-settings=\"{&quot;stretch_section&quot;:&quot;section-stretched&quot;,&quot;background_background&quot;:&quot;video&quot;,&quot;background_video_link&quot;:&quot;https:\\\/\\\/desarrollo.diversteam.net\\\/wp-content\\\/uploads\\\/2022\\\/07\\\/Disen\\u0303o-sin-ti\\u0301tulo-57.mp4&quot;,&quot;background_video_start&quot;:1,&quot;background_play_on_mobile&quot;:&quot;yes&quot;,&quot;background_privacy_mode&quot;:&quot;yes&quot;}\">\n\t\t\t\t\t\t\t\t<div class=\"elementor-background-video-container\">\n\t\t\t\t\t\t\t\t\t\t\t\t\t<video class=\"elementor-background-video-hosted elementor-html5-video\" autoplay muted playsinline loop><\/video>\n\t\t\t\t\t\t\t\t\t\t\t<\/div>\n\t\t\t\t\t\t\t\t\t<div class=\"elementor-background-overlay\"><\/div>\n\t\t\t\t\t\t\t<div class=\"elementor-container elementor-column-gap-default\">\n\t\t\t\t\t<div class=\"elementor-column elementor-col-100 elementor-top-column elementor-element elementor-element-1ebbc90\" data-id=\"1ebbc90\" data-element_type=\"column\">\n\t\t\t<div class=\"elementor-widget-wrap elementor-element-populated\">\n\t\t\t\t\t\t\t\t<div class=\"elementor-element elementor-element-69c8857 wd-animation-slide-from-bottom wd_delay_250 wd-animation-normal elementor-widget elementor-widget-heading\" data-id=\"69c8857\" data-element_type=\"widget\" data-widget_type=\"heading.default\">\n\t\t\t\t<div class=\"elementor-widget-container\">\n\t\t\t<h2 class=\"elementor-heading-title elementor-size-default\">DIVERS TEAM, DIVE CENTER\n\n<\/h2>\t\t<\/div>\n\t\t\t\t<\/div>\n\t\t\t\t<div class=\"elementor-element elementor-element-78594db text-center color-scheme-inherit elementor-widget elementor-widget-text-editor\" data-id=\"78594db\" data-element_type=\"widget\" data-widget_type=\"text-editor.default\">\n\t\t\t\t<div class=\"elementor-widget-container\">\n\t\t\t\t\t\t\t<p>Having fun and safe dives are the best we do!<\/p>\t\t\t\t\t\t<\/div>\n\t\t\t\t<\/div>\n\t\t\t\t<div class=\"elementor-element elementor-element-3698504 elementor-align-center elementor-mobile-align-center elementor-hidden-mobile elementor-invisible elementor-widget elementor-widget-button\" data-id=\"3698504\" data-element_type=\"widget\" data-settings=\"{&quot;_animation&quot;:&quot;fadeIn&quot;}\" data-widget_type=\"button.default\">\n\t\t\t\t<div class=\"elementor-widget-container\">\n\t\t\t\t\t<div class=\"elementor-button-wrapper\">\n\t\t\t<a href=\"https:\/\/wa.link\/o0h109\" class=\"elementor-button-link elementor-button elementor-size-sm elementor-animation-grow\" role=\"button\">\n\t\t\t\t\t\t<span class=\"elementor-button-content-wrapper\">\n\t\t\t\t\t\t\t<span class=\"elementor-button-icon elementor-align-icon-right\">\n\t\t\t\t<i aria-hidden=\"true\" class=\"fas fa-angle-right\"><\/i>\t\t\t<\/span>\n\t\t\t\t\t\t<span class=\"elementor-button-text\">Request Advice!<\/span>\n\t\t<\/span>\n\t\t\t\t\t<\/a>\n\t\t<\/div>\n\t\t\t\t<\/div>\n\t\t\t\t<\/div>\n\t\t\t\t\t<\/div>\n\t\t<\/div>\n\t\t\t\t\t\t\t<\/div>\n\t\t<\/section>\n\t\t\t\t\t\t\t<\/div>\n\t\t","protected":false},"excerpt":{"rendered":"<p>PADI certifications, snorkeling The DIVERS TEAM Diving Center is a society made up of diving instructors belonging to the most<\/p>\n","protected":false},"author":1,"featured_media":0,"parent":0,"menu_order":0,"comment_status":"closed","ping_status":"closed","template":"elementor_header_footer","meta":{"footnotes":""},"class_list":["post-15427","page","type-page","status-publish","hentry"],"yoast_head":"<!-- This site is optimized with the Yoast SEO plugin v19.8 - https:\/\/yoast.com\/wordpress\/plugins\/seo\/ -->\n<title>PADI Alliance - DIVERS TEAM<\/title>\n<meta name=\"robots\" content=\"index, follow, max-snippet:-1, max-image-preview:large, max-video-preview:-1\" \/>\n<link rel=\"canonical\" href=\"https:\/\/desarrollo.diversteam.net\/en\/padi-alliance\/\" \/>\n<meta property=\"og:locale\" content=\"en_US\" \/>\n<meta property=\"og:type\" content=\"article\" \/>\n<meta property=\"og:title\" content=\"PADI Alliance - DIVERS TEAM\" \/>\n<meta property=\"og:description\" content=\"PADI certifications, snorkeling The DIVERS TEAM Diving Center is a society made up of diving instructors belonging to the most\" \/>\n<meta property=\"og:url\" content=\"https:\/\/desarrollo.diversteam.net\/en\/padi-alliance\/\" \/>\n<meta property=\"og:site_name\" content=\"DIVERS TEAM\" \/>\n<meta property=\"article:modified_time\" content=\"2022-09-22T03:04:56+00:00\" \/>\n<meta property=\"og:image\" content=\"https:\/\/desarrollo.diversteam.net\/wp-content\/uploads\/2022\/07\/logo-padi-1.jpeg\" \/>\n<meta name=\"twitter:card\" content=\"summary_large_image\" \/>\n<meta name=\"twitter:label1\" content=\"Est. reading time\" \/>\n\t<meta name=\"twitter:data1\" content=\"1 minute\" \/>\n<script type=\"application\/ld+json\" class=\"yoast-schema-graph\">{\"@context\":\"https:\/\/schema.org\",\"@graph\":[{\"@type\":\"WebPage\",\"@id\":\"https:\/\/desarrollo.diversteam.net\/en\/padi-alliance\/\",\"url\":\"https:\/\/desarrollo.diversteam.net\/en\/padi-alliance\/\",\"name\":\"PADI Alliance - DIVERS TEAM\",\"isPartOf\":{\"@id\":\"https:\/\/desarrollo.diversteam.net\/#website\"},\"datePublished\":\"2022-02-23T20:06:05+00:00\",\"dateModified\":\"2022-09-22T03:04:56+00:00\",\"breadcrumb\":{\"@id\":\"https:\/\/desarrollo.diversteam.net\/en\/padi-alliance\/#breadcrumb\"},\"inLanguage\":\"en-US\",\"potentialAction\":[{\"@type\":\"ReadAction\",\"target\":[\"https:\/\/desarrollo.diversteam.net\/en\/padi-alliance\/\"]}]},{\"@type\":\"BreadcrumbList\",\"@id\":\"https:\/\/desarrollo.diversteam.net\/en\/padi-alliance\/#breadcrumb\",\"itemListElement\":[{\"@type\":\"ListItem\",\"position\":1,\"name\":\"Portada\",\"item\":\"https:\/\/desarrollo.diversteam.net\/\"},{\"@type\":\"ListItem\",\"position\":2,\"name\":\"PADI Alliance\"}]},{\"@type\":\"WebSite\",\"@id\":\"https:\/\/desarrollo.diversteam.net\/#website\",\"url\":\"https:\/\/desarrollo.diversteam.net\/\",\"name\":\"DIVERS TEAM\",\"description\":\"Cumple tu sue\u00f1o de hacer buceo tur\u00edstico en San Andr\u00e9s, Islas.\",\"potentialAction\":[{\"@type\":\"SearchAction\",\"target\":{\"@type\":\"EntryPoint\",\"urlTemplate\":\"https:\/\/desarrollo.diversteam.net\/?s={search_term_string}\"},\"query-input\":\"required name=search_term_string\"}],\"inLanguage\":\"en-US\"}]}<\/script>\n<!-- \/ Yoast SEO plugin. -->","yoast_head_json":{"title":"PADI Alliance - DIVERS TEAM","robots":{"index":"index","follow":"follow","max-snippet":"max-snippet:-1","max-image-preview":"max-image-preview:large","max-video-preview":"max-video-preview:-1"},"canonical":"https:\/\/desarrollo.diversteam.net\/en\/padi-alliance\/","og_locale":"en_US","og_type":"article","og_title":"PADI Alliance - DIVERS TEAM","og_description":"PADI certifications, snorkeling The DIVERS TEAM Diving Center is a society made up of diving instructors belonging to the most","og_url":"https:\/\/desarrollo.diversteam.net\/en\/padi-alliance\/","og_site_name":"DIVERS TEAM","article_modified_time":"2022-09-22T03:04:56+00:00","og_image":[{"url":"https:\/\/desarrollo.diversteam.net\/wp-content\/uploads\/2022\/07\/logo-padi-1.jpeg"}],"twitter_card":"summary_large_image","twitter_misc":{"Est. reading time":"1 minute"},"schema":{"@context":"https:\/\/schema.org","@graph":[{"@type":"WebPage","@id":"https:\/\/desarrollo.diversteam.net\/en\/padi-alliance\/","url":"https:\/\/desarrollo.diversteam.net\/en\/padi-alliance\/","name":"PADI Alliance - DIVERS TEAM","isPartOf":{"@id":"https:\/\/desarrollo.diversteam.net\/#website"},"datePublished":"2022-02-23T20:06:05+00:00","dateModified":"2022-09-22T03:04:56+00:00","breadcrumb":{"@id":"https:\/\/desarrollo.diversteam.net\/en\/padi-alliance\/#breadcrumb"},"inLanguage":"en-US","potentialAction":[{"@type":"ReadAction","target":["https:\/\/desarrollo.diversteam.net\/en\/padi-alliance\/"]}]},{"@type":"BreadcrumbList","@id":"https:\/\/desarrollo.diversteam.net\/en\/padi-alliance\/#breadcrumb","itemListElement":[{"@type":"ListItem","position":1,"name":"Portada","item":"https:\/\/desarrollo.diversteam.net\/"},{"@type":"ListItem","position":2,"name":"PADI Alliance"}]},{"@type":"WebSite","@id":"https:\/\/desarrollo.diversteam.net\/#website","url":"https:\/\/desarrollo.diversteam.net\/","name":"DIVERS TEAM","description":"Cumple tu sue\u00f1o de hacer buceo tur\u00edstico en San Andr\u00e9s, Islas.","potentialAction":[{"@type":"SearchAction","target":{"@type":"EntryPoint","urlTemplate":"https:\/\/desarrollo.diversteam.net\/?s={search_term_string}"},"query-input":"required name=search_term_string"}],"inLanguage":"en-US"}]}},"_links":{"self":[{"href":"https:\/\/desarrollo.diversteam.net\/en\/wp-json\/wp\/v2\/pages\/15427","targetHints":{"allow":["GET"]}}],"collection":[{"href":"https:\/\/desarrollo.diversteam.net\/en\/wp-json\/wp\/v2\/pages"}],"about":[{"href":"https:\/\/desarrollo.diversteam.net\/en\/wp-json\/wp\/v2\/types\/page"}],"author":[{"embeddable":true,"href":"https:\/\/desarrollo.diversteam.net\/en\/wp-json\/wp\/v2\/users\/1"}],"replies":[{"embeddable":true,"href":"https:\/\/desarrollo.diversteam.net\/en\/wp-json\/wp\/v2\/comments?post=15427"}],"version-history":[{"count":0,"href":"https:\/\/desarrollo.diversteam.net\/en\/wp-json\/wp\/v2\/pages\/15427\/revisions"}],"wp:attachment":[{"href":"https:\/\/desarrollo.diversteam.net\/en\/wp-json\/wp\/v2\/media?parent=15427"}],"curies":[{"name":"wp","href":"https:\/\/api.w.org\/{rel}","templated":true}]}}