{"id":15397,"date":"2021-10-12T15:51:09","date_gmt":"2021-10-12T15:51:09","guid":{"rendered":"https:\/\/desarrollo.diversteam.net\/about-us\/"},"modified":"2022-10-04T15:08:55","modified_gmt":"2022-10-04T15:08:55","slug":"about-us","status":"publish","type":"page","link":"https:\/\/desarrollo.diversteam.net\/en\/about-us\/","title":{"rendered":"About Us"},"content":{"rendered":"\t\t<div data-elementor-type=\"wp-page\" data-elementor-id=\"15397\" class=\"elementor elementor-15397 elementor-4400\">\n\t\t\t\t\t\t\t\t\t<section class=\"elementor-section elementor-top-section elementor-element elementor-element-6109e2e elementor-section-stretched elementor-section-boxed elementor-section-height-default elementor-section-height-default wd-section-disabled\" data-id=\"6109e2e\" data-element_type=\"section\" data-settings=\"{&quot;background_background&quot;:&quot;video&quot;,&quot;stretch_section&quot;:&quot;section-stretched&quot;,&quot;background_video_link&quot;:&quot;https:\\\/\\\/desarrollo.diversteam.net\\\/wp-content\\\/uploads\\\/2022\\\/07\\\/Disen\\u0303o-sin-ti\\u0301tulo-56.mp4&quot;,&quot;background_play_on_mobile&quot;:&quot;yes&quot;}\">\n\t\t\t\t\t\t\t\t<div class=\"elementor-background-video-container\">\n\t\t\t\t\t\t\t\t\t\t\t\t\t<video class=\"elementor-background-video-hosted elementor-html5-video\" autoplay muted playsinline loop><\/video>\n\t\t\t\t\t\t\t\t\t\t\t<\/div>\n\t\t\t\t\t\t\t\t\t<div class=\"elementor-background-overlay\"><\/div>\n\t\t\t\t\t\t\t<div class=\"elementor-container elementor-column-gap-no\">\n\t\t\t\t\t<div class=\"elementor-column elementor-col-100 elementor-top-column elementor-element elementor-element-fd6fdaf\" data-id=\"fd6fdaf\" data-element_type=\"column\">\n\t\t\t<div class=\"elementor-widget-wrap elementor-element-populated\">\n\t\t\t\t\t\t\t\t\t<link rel=\"stylesheet\" id=\"wd-animations-css\" href=\"https:\/\/desarrollo.diversteam.net\/wp-content\/themes\/woodmart\/css\/parts\/mod-animations.min.css?ver=6.5.4\" type=\"text\/css\" media=\"all\" \/> \t\t\t\t\t<div class=\"elementor-element elementor-element-31152f5 wd-animation-slide-from-bottom wd_delay_250 wd-animation-normal elementor-widget elementor-widget-heading\" data-id=\"31152f5\" data-element_type=\"widget\" data-widget_type=\"heading.default\">\n\t\t\t\t<div class=\"elementor-widget-container\">\n\t\t\t<style>\/*! elementor - v3.7.8 - 02-10-2022 *\/\n.elementor-heading-title{padding:0;margin:0;line-height:1}.elementor-widget-heading .elementor-heading-title[class*=elementor-size-]>a{color:inherit;font-size:inherit;line-height:inherit}.elementor-widget-heading .elementor-heading-title.elementor-size-small{font-size:15px}.elementor-widget-heading .elementor-heading-title.elementor-size-medium{font-size:19px}.elementor-widget-heading .elementor-heading-title.elementor-size-large{font-size:29px}.elementor-widget-heading .elementor-heading-title.elementor-size-xl{font-size:39px}.elementor-widget-heading .elementor-heading-title.elementor-size-xxl{font-size:59px}<\/style><h1 class=\"elementor-heading-title elementor-size-default\">Divers team <\/h1>\t\t<\/div>\n\t\t\t\t<\/div>\n\t\t\t\t\t<link rel=\"stylesheet\" id=\"wd-int-el-animations-css\" href=\"https:\/\/desarrollo.diversteam.net\/wp-content\/themes\/woodmart\/css\/parts\/int-elem-el-animations.min.css?ver=6.5.4\" type=\"text\/css\" media=\"all\" \/> \t\t\t\t\t<div class=\"elementor-element elementor-element-27861bd animated-slow color-scheme-inherit text-left elementor-invisible elementor-widget elementor-widget-text-editor\" data-id=\"27861bd\" data-element_type=\"widget\" data-settings=\"{&quot;_animation&quot;:&quot;slideInUp&quot;}\" data-widget_type=\"text-editor.default\">\n\t\t\t\t<div class=\"elementor-widget-container\">\n\t\t\t<style>\/*! elementor - v3.7.8 - 02-10-2022 *\/\n.elementor-widget-text-editor.elementor-drop-cap-view-stacked .elementor-drop-cap{background-color:#818a91;color:#fff}.elementor-widget-text-editor.elementor-drop-cap-view-framed .elementor-drop-cap{color:#818a91;border:3px solid;background-color:transparent}.elementor-widget-text-editor:not(.elementor-drop-cap-view-default) .elementor-drop-cap{margin-top:8px}.elementor-widget-text-editor:not(.elementor-drop-cap-view-default) .elementor-drop-cap-letter{width:1em;height:1em}.elementor-widget-text-editor .elementor-drop-cap{float:left;text-align:center;line-height:1;font-size:50px}.elementor-widget-text-editor .elementor-drop-cap-letter{display:inline-block}<\/style>\t\t\t\t<p><strong>We have instructors specialized in teaching all kinds of people: children, young people, adults, nervous people; they will make diving a fun adventure.<\/strong><\/p>\t\t\t\t\t\t<\/div>\n\t\t\t\t<\/div>\n\t\t\t\t\t<\/div>\n\t\t<\/div>\n\t\t\t\t\t\t\t<\/div>\n\t\t<\/section>\n\t\t\t\t<section class=\"elementor-section elementor-top-section elementor-element elementor-element-4f6fb5f elementor-section-stretched elementor-section-boxed elementor-section-height-default elementor-section-height-default wd-section-disabled\" data-id=\"4f6fb5f\" data-element_type=\"section\" data-settings=\"{&quot;stretch_section&quot;:&quot;section-stretched&quot;,&quot;background_background&quot;:&quot;classic&quot;}\">\n\t\t\t\t\t\t<div class=\"elementor-container elementor-column-gap-default\">\n\t\t\t\t\t<div class=\"elementor-column elementor-col-50 elementor-top-column elementor-element elementor-element-6038e52\" data-id=\"6038e52\" data-element_type=\"column\">\n\t\t\t<div class=\"elementor-widget-wrap elementor-element-populated\">\n\t\t\t\t\t\t\t\t<div class=\"elementor-element elementor-element-1cb5e81 wd-animation-slide-from-bottom wd_delay_250 wd-animation-normal elementor-widget elementor-widget-heading\" data-id=\"1cb5e81\" data-element_type=\"widget\" data-widget_type=\"heading.default\">\n\t\t\t\t<div class=\"elementor-widget-container\">\n\t\t\t<h2 class=\"elementor-heading-title elementor-size-default\">About Us<\/h2>\t\t<\/div>\n\t\t\t\t<\/div>\n\t\t\t\t<div class=\"elementor-element elementor-element-8a09ec5 animated-slow color-scheme-inherit text-left elementor-invisible elementor-widget elementor-widget-text-editor\" data-id=\"8a09ec5\" data-element_type=\"widget\" data-settings=\"{&quot;_animation&quot;:&quot;slideInUp&quot;}\" data-widget_type=\"text-editor.default\">\n\t\t\t\t<div class=\"elementor-widget-container\">\n\t\t\t\t\t\t\t<p><strong>We are a PADI INTERNATIONAL RESORT ASSOCIATION (PIRA) No. S-10430.<\/strong><\/p><p>Since 1986 DIVERS TEAM). San Andr\u00e9s, Islas, has been working on the development of an excellent portfolio of diving services and training programs for divers.<\/p><p>Our PADI instructors with more than 10 years of experience guarantee our service.<\/p>\t\t\t\t\t\t<\/div>\n\t\t\t\t<\/div>\n\t\t\t\t<div class=\"elementor-element elementor-element-f6302cb color-scheme-inherit text-left elementor-widget elementor-widget-text-editor\" data-id=\"f6302cb\" data-element_type=\"widget\" data-widget_type=\"text-editor.default\">\n\t\t\t\t<div class=\"elementor-widget-container\">\n\t\t\t\t\t\t\t<p><strong>We are also a SPONSOR of DAN (DIVERS ALERT NETWORK).<\/strong><\/p>\t\t\t\t\t\t<\/div>\n\t\t\t\t<\/div>\n\t\t\t\t<div class=\"elementor-element elementor-element-bbc491c elementor-invisible elementor-widget elementor-widget-button\" data-id=\"bbc491c\" data-element_type=\"widget\" data-settings=\"{&quot;_animation&quot;:&quot;fadeIn&quot;}\" data-widget_type=\"button.default\">\n\t\t\t\t<div class=\"elementor-widget-container\">\n\t\t\t\t\t<div class=\"elementor-button-wrapper\">\n\t\t\t<a href=\"https:\/\/wa.link\/o0h109\" class=\"elementor-button-link elementor-button elementor-size-sm elementor-animation-grow\" role=\"button\">\n\t\t\t\t\t\t<span class=\"elementor-button-content-wrapper\">\n\t\t\t\t\t\t\t<span class=\"elementor-button-icon elementor-align-icon-right\">\n\t\t\t\t<i aria-hidden=\"true\" class=\"fas fa-angle-right\"><\/i>\t\t\t<\/span>\n\t\t\t\t\t\t<span class=\"elementor-button-text\">Ask for advice!<\/span>\n\t\t<\/span>\n\t\t\t\t\t<\/a>\n\t\t<\/div>\n\t\t\t\t<\/div>\n\t\t\t\t<\/div>\n\t\t\t\t\t<\/div>\n\t\t<\/div>\n\t\t\t\t<div class=\"elementor-column elementor-col-50 elementor-top-column elementor-element elementor-element-0054ddb\" data-id=\"0054ddb\" data-element_type=\"column\">\n\t\t\t<div class=\"elementor-widget-wrap elementor-element-populated\">\n\t\t\t\t\t\t\t\t<div class=\"elementor-element elementor-element-ba263a5 elementor-aspect-ratio-169 elementor-widget elementor-widget-video\" data-id=\"ba263a5\" data-element_type=\"widget\" data-settings=\"{&quot;video_type&quot;:&quot;hosted&quot;,&quot;autoplay&quot;:&quot;yes&quot;,&quot;controls&quot;:&quot;yes&quot;,&quot;aspect_ratio&quot;:&quot;169&quot;}\" data-widget_type=\"video.default\">\n\t\t\t\t<div class=\"elementor-widget-container\">\n\t\t\t<style>\/*! elementor - v3.7.8 - 02-10-2022 *\/\n.elementor-widget-video .elementor-widget-container{overflow:hidden;-webkit-transform:translateZ(0);transform:translateZ(0)}.elementor-widget-video .elementor-open-inline .elementor-custom-embed-image-overlay{position:absolute;top:0;left:0;width:100%;height:100%;background-size:cover;background-position:50%}.elementor-widget-video .elementor-custom-embed-image-overlay{cursor:pointer;text-align:center}.elementor-widget-video .elementor-custom-embed-image-overlay:hover .elementor-custom-embed-play i{opacity:1}.elementor-widget-video .elementor-custom-embed-image-overlay img{display:block;width:100%}.elementor-widget-video .e-hosted-video .elementor-video{-o-object-fit:cover;object-fit:cover}.e-container>.elementor-widget-video{width:var(--container-widget-width,100%)}<\/style>\t\t<div class=\"e-hosted-video elementor-wrapper elementor-fit-aspect-ratio elementor-open-inline\">\n\t\t\t\t\t<video class=\"elementor-video\" src=\"https:\/\/desarrollo.diversteam.net\/wp-content\/uploads\/2022\/08\/WhatsApp-Video-2022-08-08-at-11.20.11-AM.mp4\" autoplay=\"\" controls=\"\" controlsList=\"nodownload\"><\/video>\n\t\t\t\t<\/div>\n\t\t\t\t<\/div>\n\t\t\t\t<\/div>\n\t\t\t\t\t<\/div>\n\t\t<\/div>\n\t\t\t\t\t\t\t<\/div>\n\t\t<\/section>\n\t\t\t\t<section class=\"elementor-section elementor-top-section elementor-element elementor-element-0c6fdec elementor-section-stretched elementor-section-boxed elementor-section-height-default elementor-section-height-default wd-section-disabled\" data-id=\"0c6fdec\" data-element_type=\"section\" data-settings=\"{&quot;background_background&quot;:&quot;classic&quot;,&quot;stretch_section&quot;:&quot;section-stretched&quot;}\">\n\t\t\t\t\t\t<div class=\"elementor-container elementor-column-gap-default\">\n\t\t\t\t\t<div class=\"elementor-column elementor-col-33 elementor-top-column elementor-element elementor-element-036bbd9\" data-id=\"036bbd9\" data-element_type=\"column\" data-settings=\"{&quot;background_background&quot;:&quot;classic&quot;}\">\n\t\t\t<div class=\"elementor-widget-wrap elementor-element-populated\">\n\t\t\t\t\t\t\t\t<div class=\"elementor-element elementor-element-5b68a82 elementor-invisible elementor-widget elementor-widget-image\" data-id=\"5b68a82\" data-element_type=\"widget\" data-settings=\"{&quot;_animation&quot;:&quot;bounceIn&quot;}\" data-widget_type=\"image.default\">\n\t\t\t\t<div class=\"elementor-widget-container\">\n\t\t\t<style>\/*! elementor - v3.7.8 - 02-10-2022 *\/\n.elementor-widget-image{text-align:center}.elementor-widget-image a{display:inline-block}.elementor-widget-image a img[src$=\".svg\"]{width:48px}.elementor-widget-image img{vertical-align:middle;display:inline-block}<\/style>\t\t\t\t\t\t\t\t\t\t\t\t<img decoding=\"async\" src=\"https:\/\/desarrollo.diversteam.net\/wp-content\/uploads\/elementor\/thumbs\/price-4-pw4xy5v0ye47vuqq2q751opz3pl2nl0rctdzqt4r34.png\" title=\"Cursos PADI y Buceo en San Andr\u00e9s DIVERS TEAM DIVE CENTER\" alt=\"Cursos PADI y Buceo en San Andr\u00e9s DIVERS TEAM DIVE CENTER\" \/>\t\t\t\t\t\t\t\t\t\t\t\t\t\t\t<\/div>\n\t\t\t\t<\/div>\n\t\t\t\t<div class=\"elementor-element elementor-element-c29fa93 animated-slow color-scheme-inherit text-left elementor-invisible elementor-widget elementor-widget-text-editor\" data-id=\"c29fa93\" data-element_type=\"widget\" data-settings=\"{&quot;_animation&quot;:&quot;slideInUp&quot;}\" data-widget_type=\"text-editor.default\">\n\t\t\t\t<div class=\"elementor-widget-container\">\n\t\t\t\t\t\t\tOur departures are a passport to adventure and action; a fantasy that comes true; these cover all ranges; from shallow\/depth reefs, calm waters for minicourses, to depths for divers with certification level suitable for this.\n\n\t\t\t\t\t\t<\/div>\n\t\t\t\t<\/div>\n\t\t\t\t\t<\/div>\n\t\t<\/div>\n\t\t\t\t<div class=\"elementor-column elementor-col-33 elementor-top-column elementor-element elementor-element-207c490\" data-id=\"207c490\" data-element_type=\"column\" data-settings=\"{&quot;background_background&quot;:&quot;classic&quot;}\">\n\t\t\t<div class=\"elementor-widget-wrap elementor-element-populated\">\n\t\t\t\t\t\t\t\t<div class=\"elementor-element elementor-element-f2d8b28 elementor-invisible elementor-widget elementor-widget-image\" data-id=\"f2d8b28\" data-element_type=\"widget\" data-settings=\"{&quot;_animation&quot;:&quot;bounceIn&quot;}\" data-widget_type=\"image.default\">\n\t\t\t\t<div class=\"elementor-widget-container\">\n\t\t\t\t\t\t\t\t\t\t\t\t\t\t\t<img decoding=\"async\" src=\"https:\/\/desarrollo.diversteam.net\/wp-content\/uploads\/elementor\/thumbs\/diving-ft-pw4xyms4derdou25bxifakg9sn9oi4vxf54qdsfnz4.png\" title=\"Cursos PADI y Buceo en San Andr\u00e9s DIVERS TEAM DIVE CENTER\" alt=\"Cursos PADI y Buceo en San Andr\u00e9s DIVERS TEAM DIVE CENTER\" \/>\t\t\t\t\t\t\t\t\t\t\t\t\t\t\t<\/div>\n\t\t\t\t<\/div>\n\t\t\t\t<div class=\"elementor-element elementor-element-b3b9b4c color-scheme-inherit text-left elementor-widget elementor-widget-text-editor\" data-id=\"b3b9b4c\" data-element_type=\"widget\" data-widget_type=\"text-editor.default\">\n\t\t\t\t<div class=\"elementor-widget-container\">\n\t\t\t\t\t\t\tThe crew of the DIVERS TEAM San Andres is beyond placing an anchor or give a briefing information. Each vessel is operated by a trained, certified and experienced staff, who demonstrate a genuine interest in helping him and a vast knowledge in seamanship.\t\t\t\t\t\t<\/div>\n\t\t\t\t<\/div>\n\t\t\t\t\t<\/div>\n\t\t<\/div>\n\t\t\t\t<div class=\"elementor-column elementor-col-33 elementor-top-column elementor-element elementor-element-bd4fbc2\" data-id=\"bd4fbc2\" data-element_type=\"column\" data-settings=\"{&quot;background_background&quot;:&quot;classic&quot;}\">\n\t\t\t<div class=\"elementor-widget-wrap elementor-element-populated\">\n\t\t\t\t\t\t\t\t<div class=\"elementor-element elementor-element-774dd19 elementor-invisible elementor-widget elementor-widget-image\" data-id=\"774dd19\" data-element_type=\"widget\" data-settings=\"{&quot;_animation&quot;:&quot;bounceIn&quot;}\" data-widget_type=\"image.default\">\n\t\t\t\t<div class=\"elementor-widget-container\">\n\t\t\t\t\t\t\t\t\t\t\t\t\t\t\t<img decoding=\"async\" src=\"https:\/\/desarrollo.diversteam.net\/wp-content\/uploads\/elementor\/thumbs\/price-3-pw4xyonsr2tyc1zf0ybofjz6zf0exj3e3efpcccvmo.png\" title=\"Cursos PADI y Buceo en San Andr\u00e9s DIVERS TEAM DIVE CENTER\" alt=\"Cursos PADI y Buceo en San Andr\u00e9s DIVERS TEAM DIVE CENTER\" \/>\t\t\t\t\t\t\t\t\t\t\t\t\t\t\t<\/div>\n\t\t\t\t<\/div>\n\t\t\t\t<div class=\"elementor-element elementor-element-969fd63 animated-slow color-scheme-inherit text-left elementor-invisible elementor-widget elementor-widget-text-editor\" data-id=\"969fd63\" data-element_type=\"widget\" data-settings=\"{&quot;_animation&quot;:&quot;slideInUp&quot;}\" data-widget_type=\"text-editor.default\">\n\t\t\t\t<div class=\"elementor-widget-container\">\n\t\t\t\t\t\t\tEvery day our boats leave at 09:00 hours to make two dives and be back at the latest at 1:30 p.m. at the pier. All diving trips depend on the weather conditions. In the afternoon at 2:00 pm you can do a single dive. Every dive trip depends on the weather conditions. In the afternoon at 2:00 p.m. you can do a simple dive.\t\t\t\t\t\t<\/div>\n\t\t\t\t<\/div>\n\t\t\t\t\t<\/div>\n\t\t<\/div>\n\t\t\t\t\t\t\t<\/div>\n\t\t<\/section>\n\t\t\t\t<section class=\"elementor-section elementor-top-section elementor-element elementor-element-1d9caab elementor-section-stretched elementor-section-boxed elementor-section-height-default elementor-section-height-default wd-section-disabled\" data-id=\"1d9caab\" data-element_type=\"section\" data-settings=\"{&quot;background_background&quot;:&quot;classic&quot;,&quot;stretch_section&quot;:&quot;section-stretched&quot;,&quot;animation&quot;:&quot;none&quot;}\">\n\t\t\t\t\t\t\t<div class=\"elementor-background-overlay\"><\/div>\n\t\t\t\t\t\t\t<div class=\"elementor-container elementor-column-gap-default\">\n\t\t\t\t\t<div class=\"elementor-column elementor-col-100 elementor-top-column elementor-element elementor-element-212b2a6\" data-id=\"212b2a6\" data-element_type=\"column\">\n\t\t\t<div class=\"elementor-widget-wrap elementor-element-populated\">\n\t\t\t\t\t\t\t\t<div class=\"elementor-element elementor-element-67cc86b elementor-widget elementor-widget-image\" data-id=\"67cc86b\" data-element_type=\"widget\" data-settings=\"{&quot;ep_floating_effects_show&quot;:&quot;yes&quot;,&quot;ep_floating_effects_translate_toggle&quot;:&quot;yes&quot;,&quot;ep_floating_effects_translate_duration&quot;:{&quot;unit&quot;:&quot;px&quot;,&quot;size&quot;:4200,&quot;sizes&quot;:[]},&quot;ep_floating_effects_translate_x&quot;:{&quot;unit&quot;:&quot;px&quot;,&quot;size&quot;:&quot;&quot;,&quot;sizes&quot;:{&quot;from&quot;:0,&quot;to&quot;:0}},&quot;ep_floating_effects_translate_y&quot;:{&quot;unit&quot;:&quot;px&quot;,&quot;size&quot;:&quot;&quot;,&quot;sizes&quot;:{&quot;from&quot;:0,&quot;to&quot;:30}},&quot;ep_floating_effects_translate_delay&quot;:{&quot;unit&quot;:&quot;px&quot;,&quot;size&quot;:&quot;&quot;,&quot;sizes&quot;:[]},&quot;ep_floating_effects_easing&quot;:&quot;easeInOutQuad&quot;}\" data-widget_type=\"image.default\">\n\t\t\t\t<div class=\"elementor-widget-container\">\n\t\t\t\t\t\t\t\t\t\t\t\t\t\t\t<img decoding=\"async\" width=\"500\" height=\"488\" src=\"https:\/\/desarrollo.diversteam.net\/wp-content\/uploads\/2022\/07\/Disen\u0303o-sin-ti\u0301tulo-2022-07-24T172644.974.png\" class=\"attachment-large size-large\" alt=\"\" srcset=\"https:\/\/desarrollo.diversteam.net\/wp-content\/uploads\/2022\/07\/Disen\u0303o-sin-ti\u0301tulo-2022-07-24T172644.974.png 500w, https:\/\/desarrollo.diversteam.net\/wp-content\/uploads\/2022\/07\/Disen\u0303o-sin-ti\u0301tulo-2022-07-24T172644.974-307x300.png 307w\" sizes=\"(max-width: 500px) 100vw, 500px\" \/>\t\t\t\t\t\t\t\t\t\t\t\t\t\t\t<\/div>\n\t\t\t\t<\/div>\n\t\t\t\t<div class=\"elementor-element elementor-element-bc21ebf wd-animation-slide-from-bottom wd_delay_250 wd-animation-normal elementor-widget elementor-widget-heading\" data-id=\"bc21ebf\" data-element_type=\"widget\" data-widget_type=\"heading.default\">\n\t\t\t\t<div class=\"elementor-widget-container\">\n\t\t\t<h2 class=\"elementor-heading-title elementor-size-default\"> Fun and safe diving is what we do best!<\/h2>\t\t<\/div>\n\t\t\t\t<\/div>\n\t\t\t\t<div class=\"elementor-element elementor-element-4ec6a72 text-center color-scheme-inherit elementor-widget elementor-widget-text-editor\" data-id=\"4ec6a72\" data-element_type=\"widget\" data-widget_type=\"text-editor.default\">\n\t\t\t\t<div class=\"elementor-widget-container\">\n\t\t\t\t\t\t\tSan Andr\u00e9s Islands is one of the largest biosphere reserves in Colombia and the world. Discover the 7 shades of blue, visit coral reefs and appreciate the more than 120 species of fish that the island exhibits for you, in addition to observing the enormous wealth of other animals.\t\t\t\t\t\t<\/div>\n\t\t\t\t<\/div>\n\t\t\t\t<div class=\"elementor-element elementor-element-5ac3cd5 text-center color-scheme-inherit elementor-invisible elementor-widget elementor-widget-text-editor\" data-id=\"5ac3cd5\" data-element_type=\"widget\" data-settings=\"{&quot;_animation&quot;:&quot;fadeInDown&quot;}\" data-widget_type=\"text-editor.default\">\n\t\t\t\t<div class=\"elementor-widget-container\">\n\t\t\t\t\t\t\t<p><strong>Each dive is a spectacle of sensations, it is an unforgettable landscape of the Caribbean Sea.<\/strong><\/p>\t\t\t\t\t\t<\/div>\n\t\t\t\t<\/div>\n\t\t\t\t<div class=\"elementor-element elementor-element-9a4fdd1 elementor-align-center elementor-mobile-align-center elementor-invisible elementor-widget elementor-widget-button\" data-id=\"9a4fdd1\" data-element_type=\"widget\" data-settings=\"{&quot;_animation&quot;:&quot;pulse&quot;,&quot;_animation_delay&quot;:200}\" data-widget_type=\"button.default\">\n\t\t\t\t<div class=\"elementor-widget-container\">\n\t\t\t\t\t<div class=\"elementor-button-wrapper\">\n\t\t\t<a href=\"https:\/\/wa.link\/o0h109\" class=\"elementor-button-link elementor-button elementor-size-sm elementor-animation-grow\" role=\"button\">\n\t\t\t\t\t\t<span class=\"elementor-button-content-wrapper\">\n\t\t\t\t\t\t\t<span class=\"elementor-button-icon elementor-align-icon-right\">\n\t\t\t\t<i aria-hidden=\"true\" class=\"fas fa-angle-right\"><\/i>\t\t\t<\/span>\n\t\t\t\t\t\t<span class=\"elementor-button-text\">Contact us to schedule your dive trip<\/span>\n\t\t<\/span>\n\t\t\t\t\t<\/a>\n\t\t<\/div>\n\t\t\t\t<\/div>\n\t\t\t\t<\/div>\n\t\t\t\t\t<\/div>\n\t\t<\/div>\n\t\t\t\t\t\t\t<\/div>\n\t\t<\/section>\n\t\t\t\t\t\t\t<\/div>\n\t\t","protected":false},"excerpt":{"rendered":"<p>Divers team We have instructors specialized in teaching all kinds of people: children, young people, adults, nervous people; they will<\/p>\n","protected":false},"author":1,"featured_media":0,"parent":0,"menu_order":0,"comment_status":"closed","ping_status":"closed","template":"","meta":{"footnotes":""},"class_list":["post-15397","page","type-page","status-publish","hentry"],"yoast_head":"<!-- This site is optimized with the Yoast SEO plugin v19.8 - https:\/\/yoast.com\/wordpress\/plugins\/seo\/ -->\n<title>About Us - DIVERS TEAM<\/title>\n<meta name=\"robots\" content=\"index, follow, max-snippet:-1, max-image-preview:large, max-video-preview:-1\" \/>\n<link rel=\"canonical\" href=\"https:\/\/desarrollo.diversteam.net\/nosotros\/\" \/>\n<meta property=\"og:locale\" content=\"en_US\" \/>\n<meta property=\"og:type\" content=\"article\" \/>\n<meta property=\"og:title\" content=\"About Us - DIVERS TEAM\" \/>\n<meta property=\"og:description\" content=\"Divers team We have instructors specialized in teaching all kinds of people: children, young people, adults, nervous people; they will\" \/>\n<meta property=\"og:url\" content=\"https:\/\/desarrollo.diversteam.net\/nosotros\/\" \/>\n<meta property=\"og:site_name\" content=\"DIVERS TEAM\" \/>\n<meta property=\"article:modified_time\" content=\"2022-10-04T15:08:55+00:00\" \/>\n<meta property=\"og:image\" content=\"https:\/\/desarrollo.diversteam.net\/wp-content\/uploads\/2022\/07\/price-4.png\" \/>\n<meta name=\"twitter:card\" content=\"summary_large_image\" \/>\n<meta name=\"twitter:label1\" content=\"Est. reading time\" \/>\n\t<meta name=\"twitter:data1\" content=\"2 minutes\" \/>\n<script type=\"application\/ld+json\" class=\"yoast-schema-graph\">{\"@context\":\"https:\/\/schema.org\",\"@graph\":[{\"@type\":\"WebPage\",\"@id\":\"https:\/\/desarrollo.diversteam.net\/nosotros\/\",\"url\":\"https:\/\/desarrollo.diversteam.net\/nosotros\/\",\"name\":\"About Us - DIVERS TEAM\",\"isPartOf\":{\"@id\":\"https:\/\/desarrollo.diversteam.net\/#website\"},\"datePublished\":\"2021-10-12T15:51:09+00:00\",\"dateModified\":\"2022-10-04T15:08:55+00:00\",\"breadcrumb\":{\"@id\":\"https:\/\/desarrollo.diversteam.net\/nosotros\/#breadcrumb\"},\"inLanguage\":\"en-US\",\"potentialAction\":[{\"@type\":\"ReadAction\",\"target\":[\"https:\/\/desarrollo.diversteam.net\/nosotros\/\"]}]},{\"@type\":\"BreadcrumbList\",\"@id\":\"https:\/\/desarrollo.diversteam.net\/nosotros\/#breadcrumb\",\"itemListElement\":[{\"@type\":\"ListItem\",\"position\":1,\"name\":\"Portada\",\"item\":\"https:\/\/desarrollo.diversteam.net\/\"},{\"@type\":\"ListItem\",\"position\":2,\"name\":\"About Us\"}]},{\"@type\":\"WebSite\",\"@id\":\"https:\/\/desarrollo.diversteam.net\/#website\",\"url\":\"https:\/\/desarrollo.diversteam.net\/\",\"name\":\"DIVERS TEAM\",\"description\":\"Cumple tu sue\u00f1o de hacer buceo tur\u00edstico en San Andr\u00e9s, Islas.\",\"potentialAction\":[{\"@type\":\"SearchAction\",\"target\":{\"@type\":\"EntryPoint\",\"urlTemplate\":\"https:\/\/desarrollo.diversteam.net\/?s={search_term_string}\"},\"query-input\":\"required name=search_term_string\"}],\"inLanguage\":\"en-US\"}]}<\/script>\n<!-- \/ Yoast SEO plugin. -->","yoast_head_json":{"title":"About Us - DIVERS TEAM","robots":{"index":"index","follow":"follow","max-snippet":"max-snippet:-1","max-image-preview":"max-image-preview:large","max-video-preview":"max-video-preview:-1"},"canonical":"https:\/\/desarrollo.diversteam.net\/nosotros\/","og_locale":"en_US","og_type":"article","og_title":"About Us - DIVERS TEAM","og_description":"Divers team We have instructors specialized in teaching all kinds of people: children, young people, adults, nervous people; they will","og_url":"https:\/\/desarrollo.diversteam.net\/nosotros\/","og_site_name":"DIVERS TEAM","article_modified_time":"2022-10-04T15:08:55+00:00","og_image":[{"url":"https:\/\/desarrollo.diversteam.net\/wp-content\/uploads\/2022\/07\/price-4.png"}],"twitter_card":"summary_large_image","twitter_misc":{"Est. reading time":"2 minutes"},"schema":{"@context":"https:\/\/schema.org","@graph":[{"@type":"WebPage","@id":"https:\/\/desarrollo.diversteam.net\/nosotros\/","url":"https:\/\/desarrollo.diversteam.net\/nosotros\/","name":"About Us - DIVERS TEAM","isPartOf":{"@id":"https:\/\/desarrollo.diversteam.net\/#website"},"datePublished":"2021-10-12T15:51:09+00:00","dateModified":"2022-10-04T15:08:55+00:00","breadcrumb":{"@id":"https:\/\/desarrollo.diversteam.net\/nosotros\/#breadcrumb"},"inLanguage":"en-US","potentialAction":[{"@type":"ReadAction","target":["https:\/\/desarrollo.diversteam.net\/nosotros\/"]}]},{"@type":"BreadcrumbList","@id":"https:\/\/desarrollo.diversteam.net\/nosotros\/#breadcrumb","itemListElement":[{"@type":"ListItem","position":1,"name":"Portada","item":"https:\/\/desarrollo.diversteam.net\/"},{"@type":"ListItem","position":2,"name":"About Us"}]},{"@type":"WebSite","@id":"https:\/\/desarrollo.diversteam.net\/#website","url":"https:\/\/desarrollo.diversteam.net\/","name":"DIVERS TEAM","description":"Cumple tu sue\u00f1o de hacer buceo tur\u00edstico en San Andr\u00e9s, Islas.","potentialAction":[{"@type":"SearchAction","target":{"@type":"EntryPoint","urlTemplate":"https:\/\/desarrollo.diversteam.net\/?s={search_term_string}"},"query-input":"required name=search_term_string"}],"inLanguage":"en-US"}]}},"_links":{"self":[{"href":"https:\/\/desarrollo.diversteam.net\/en\/wp-json\/wp\/v2\/pages\/15397","targetHints":{"allow":["GET"]}}],"collection":[{"href":"https:\/\/desarrollo.diversteam.net\/en\/wp-json\/wp\/v2\/pages"}],"about":[{"href":"https:\/\/desarrollo.diversteam.net\/en\/wp-json\/wp\/v2\/types\/page"}],"author":[{"embeddable":true,"href":"https:\/\/desarrollo.diversteam.net\/en\/wp-json\/wp\/v2\/users\/1"}],"replies":[{"embeddable":true,"href":"https:\/\/desarrollo.diversteam.net\/en\/wp-json\/wp\/v2\/comments?post=15397"}],"version-history":[{"count":0,"href":"https:\/\/desarrollo.diversteam.net\/en\/wp-json\/wp\/v2\/pages\/15397\/revisions"}],"wp:attachment":[{"href":"https:\/\/desarrollo.diversteam.net\/en\/wp-json\/wp\/v2\/media?parent=15397"}],"curies":[{"name":"wp","href":"https:\/\/api.w.org\/{rel}","templated":true}]}}